{"id":3,"date":"2026-02-04T11:51:03","date_gmt":"2026-02-04T11:51:03","guid":{"rendered":"http:\/\/farmaciagirona.cat\/?page_id=3"},"modified":"2026-02-05T09:48:56","modified_gmt":"2026-02-05T09:48:56","slug":"politica-de-privacidad","status":"publish","type":"page","link":"https:\/\/farmaciagirona.cat\/ca\/politica-de-privacidad\/","title":{"rendered":"Pol\u00edtica de privacidad"},"content":{"rendered":"<div data-elementor-type=\"wp-page\" data-elementor-id=\"3\" class=\"elementor elementor-3\" data-elementor-post-type=\"page\">\n\t\t\t\t<div class=\"elementor-element elementor-element-b49d97c e-flex e-con-boxed e-con e-parent\" data-id=\"b49d97c\" data-element_type=\"container\" data-e-type=\"container\">\n\t\t\t\t\t<div class=\"e-con-inner\">\n\t\t\t\t<div class=\"elementor-element elementor-element-b50d408 elementor-widget elementor-widget-heading\" data-id=\"b50d408\" data-element_type=\"widget\" data-e-type=\"widget\" data-widget_type=\"heading.default\">\n\t\t\t\t\t<h3 class=\"elementor-heading-title elementor-size-default\">Pol\u00edtica de privacidad<\/h3>\t\t\t\t<\/div>\n\t\t\t\t<div class=\"elementor-element elementor-element-cbc25f9 elementor-widget elementor-widget-text-editor\" data-id=\"cbc25f9\" data-element_type=\"widget\" data-e-type=\"widget\" data-widget_type=\"text-editor.default\">\n\t\t\t\t\t\t\t\t\t<p><strong>\u00daltima actualizaci\u00f3n:\u00a0<\/strong>01\/09\/2021<\/p><p><strong>INFORMACI\u00d3N CORPORATIVA<\/strong><\/p><p>De conformidad con la legislaci\u00f3n europea y espa\u00f1ola y, en concreto con la Ley 34\/2002, de 11 de julio, de Servicios de la Sociedad de la Informaci\u00f3n y Comercio Electr\u00f3nico (en adelante, la \u201c<strong>LSSI-CE<\/strong>\u201d), le informamos de que el sitio web\u00a0<a href=\"https:\/\/farmaciagirona.cat\/ca\/\">https:\/\/www.farmaciagirona.cat<\/a>\u00a0(en adelante, la \u201c<strong>Web<\/strong>\u201d) es propiedad de Farm\u00e0cia Frigola-Campasol (en adelante, la \u201c<strong>Oficina de Farmacia<\/strong>\u201d), con domicilio social en\u00a0Cl Josep Maria Prats, 4\u00a0y\u00a0N.I.F. E17894551.<\/p><p>Para la Oficina de Farmacia,\u00a0respetar su privacidad y cumplir con la normativa de protecci\u00f3n de datos es un aspecto de vital importancia.<\/p><p>Nuestro deseo es que en todo momento conozca para qu\u00e9 utilizamos o queremos utilizar sus datos y cu\u00e1les son sus derechos. Con este objetivo, hemos redactado la siguiente Pol\u00edtica de Privacidad (en adelante, la \u201c<strong>Pol\u00edtica de Privacidad<\/strong>\u201d) que regula el tratamiento de datos que se llevar\u00e1 a cabo cuando cualquier Usuario navegue por nuestra Web.<\/p><p><strong>1. \u00bfQui\u00e9n es el responsable del tratamiento de sus datos?<\/strong><\/p><p>En los t\u00e9rminos de la normativa de protecci\u00f3n de datos aplicable y, en especial, del Reglamento (UE) 2016\/679, del Parlamento Europeo y del Consejo, de 27 de abril de 2016, relativo a la protecci\u00f3n de las personas f\u00edsicas en lo que respecta al tratamiento de datos personales y a la libre circulaci\u00f3n de estos datos (en adelante, el \u201c<strong>RGPD<\/strong>\u201d) y a la Ley Org\u00e1nica 3\/2018, de 5 de diciembre, de Protecci\u00f3n de Datos Personales y de garant\u00eda de los derechos digitales (en adelante, la \u201c<strong>LOPDGDD<\/strong>\u201d), el Responsable del Tratamiento es:<\/p><p><strong>Responsable del Tratamiento:<\/strong>\u00a0Farm\u00e0cia Frigola-Campasol<\/p><p><strong>N.I.F.:\u00a0<\/strong>E17894551<\/p><p><strong>Direcci\u00f3n:<\/strong>\u00a0Cl Josep Maria Prats, 4<\/p><p><strong>Tel\u00e9fono:<\/strong>\u00a0972214534<\/p><p><strong>Correo electr\u00f3nico:<\/strong>\u00a0<a href=\"mailto:farmacia@frigolacampasol.com\">farmacia@frigolacampasol.com<\/a><\/p><p><strong>2. \u00bfQu\u00e9 principios aplicaremos a su informaci\u00f3n personal?<\/strong><\/p><p>En el tratamiento de sus datos de car\u00e1cter personal, aplicaremos los siguientes principios, que se ajustan a las exigencias del RGPD:<\/p><ul><li><strong>Principio de licitud, lealtad y transparencia:<\/strong>\u00a0Siempre vamos a requerir su consentimiento para el tratamiento de sus datos personales para uno o varios fines espec\u00edficos que le informaremos previamente con absoluta transparencia.<\/li><li><strong>Principio de minimizaci\u00f3n de datos:<\/strong>\u00a0S\u00f3lo vamos a solicitarle los datos estrictamente necesarios en relaci\u00f3n con los fines para los que los requerimos.<\/li><li><strong>Principio de limitaci\u00f3n del plazo de conservaci\u00f3n<\/strong>:\u00a0Los datos ser\u00e1n mantenidos durante no m\u00e1s tiempo del necesario para los fines del tratamiento, en funci\u00f3n a la finalidad, le informaremos del plazo de conservaci\u00f3n correspondiente.<\/li><li><strong>Principio de integridad y confidencialidad:<\/strong>\u00a0Sus datos ser\u00e1n tratados de tal manera que se garantice una seguridad adecuada de los datos personales y se garantice la confidencialidad. Debe saber que tomamos todas las precauciones necesarias para evitar el acceso no autorizado o uso indebido de los datos de nuestros Usuarios por parte de terceros.<\/li><\/ul><p>\u00a0<\/p><p><strong>3. \u00bfCu\u00e1les son las categor\u00edas de datos tratados y c\u00f3mo se ha procedido a su obtenci\u00f3n?<\/strong><\/p><p>Las categor\u00edas de datos personales que la Oficina de Farmacia trata sobre sus clientes son:<\/p><ul><li>Datos de identificaci\u00f3n personal.<\/li><\/ul><p>\u00a0<\/p><p>Los datos anteriormente mencionados han sido obtenidos:<\/p><ul><li>Directamente del interesado, a trav\u00e9s de un formulario de contacto disponible en la Web.<\/li><li>Directamente del interesado, al facilitarnos los datos de identificaci\u00f3n necesarios para llevar a cabo el objeto de la relaci\u00f3n contractual.<\/li><\/ul><p>\u00a0<\/p><p>Le corresponde al interesado asegurar la actualizaci\u00f3n de los datos facilitados en caso de modificaci\u00f3n.<\/p><p><strong>4. \u00bfPara qu\u00e9 se tratar\u00e1n sus datos y por qu\u00e9?<\/strong><\/p><p>La Oficina de Farmacia tratar\u00e1 los datos personales del Usuario, de manera manual y\/o automatizada, para las siguientes finalidades:<\/p><table border=\"1\" cellspacing=\"0\" cellpadding=\"0\"><tbody><tr><td><p align=\"center\"><strong>Tratamiento de datos<\/strong><\/p><\/td><td><p align=\"center\"><strong>Finalidad del tratamiento<\/strong><\/p><\/td><td><p align=\"center\"><strong>Base jur\u00eddica del tratamiento<\/strong><\/p><\/td><\/tr><tr><td><p><strong>Resoluci\u00f3n de consultas<\/strong><\/p><\/td><td><p>Dar soluci\u00f3n a las consultas de informaci\u00f3n, quejas o reclamaciones planteadas a trav\u00e9s del formulario de contacto habilitado para ello en la Web.<\/p><\/td><td><p>Consentimiento del interesado.<\/p><\/td><\/tr><tr><td><p><strong>Ejecuci\u00f3n de un contrato de encargos online<\/strong><\/p><\/td><td><p>Gesti\u00f3n de los encargos online de productos con o sin promoci\u00f3n realizados a trav\u00e9s de la Web, as\u00ed como comunicar cualquier confirmaci\u00f3n, cancelaci\u00f3n o incidente en relaci\u00f3n con el pedido, y el aviso de su llegada a nuestra Oficina de Farmacia para que el Cliente pase a recoger su encargo.<\/p><\/td><td><p>Ejecuci\u00f3n de un contrato y consentimiento del interesado<\/p><\/td><\/tr><tr><td><p><strong>Env\u00edo de comunicaciones comerciales y\/o promocionales en formato electr\u00f3nico<\/strong><\/p><\/td><td><p>Env\u00edo de comunicaciones comerciales de las actividades, promociones, publicidad, noticias, novedades de la web,\u00a0<em>newsletter<\/em>\u00a0y dem\u00e1s informaci\u00f3n sobre los productos y servicios de la Oficina de Farmacia a trav\u00e9s de medios electr\u00f3nicos.<\/p><\/td><td><p>Consentimiento del interesado.<\/p><\/td><\/tr><\/tbody><\/table><p>\u00a0<\/p><p><strong>5. \u00bfDurante cu\u00e1nto tiempo conservaremos sus datos?<\/strong><\/p><p>Los datos proporcionados por nuestros clientes se conservar\u00e1n mientras se mantenga la relaci\u00f3n entre las partes respetando en cualquier caso los plazos m\u00ednimos legales de conservaci\u00f3n.<\/p><p>Los datos personales relativos a personas f\u00edsicas vinculadas a clientes que la Farmacia recopile mediante los distintos formularios de contacto y\/o recogida de informaci\u00f3n se conservar\u00e1n mientras no se solicite su supresi\u00f3n por el interesado.<\/p><p>En cualquier caso, la Farmacia guardar\u00e1 sus datos personales durante el per\u00edodo de tiempo que sea razonablemente necesario para dar respuesta a cuestiones que se planteen o resolver problemas, realizar mejoras, activar nuevos servicios y cumplir los requisitos que exija la legislaci\u00f3n aplicable. Finalizado el periodo de utilidad de los datos, estos ser\u00e1n eliminados de los sistemas de la Farmacia.<\/p><p><strong>6. \u00bfCompartiremos sus datos con terceros?<\/strong><\/p><p>La Oficina de Farmacia no compartir\u00e1 sus datos personales con ning\u00fan tercero ajeno a la relaci\u00f3n entre las partes que pretenda utilizarlos en sus acciones de marketing directo, excepto en el caso de que dispongamos de autorizaci\u00f3n expresa para ello.<\/p><p>En caso de cesi\u00f3n, ser\u00e1 previamente informado de la misma, finalidad e identificaci\u00f3n del cesionario para que pueda dar su consentimiento expreso si fuera necesario.<\/p><p>La Oficina de Farmacia podr\u00e1 ceder sus datos a organismos de control, como la Agencia Espa\u00f1ola del Medicamento u otros organismos de la Administraci\u00f3n P\u00fablica y Autoridades competentes cuando se reciba un requerimiento legal por parte de dichas Autoridades o en los casos que se considere necesario en el marco de un procedimiento judicial para proteger los derechos de la Oficina de Farmacia.<\/p><p>La Oficina de Farmacia puede proporcionar sus datos personales a terceras personas, como proveedores de servicios. Estas terceras personas deber\u00e1n mantener en todo momento los mismos niveles de control, seguridad y protecci\u00f3n de los datos personales que mantiene la Oficina de Farmacia.<\/p><p><strong>7. \u00bfCu\u00e1les son sus derechos cuando nos facilita sus datos?<\/strong><\/p><p>En la medida en que est\u00e9n reconocidos en la normativa de protecci\u00f3n de datos aplicable en cada momento, el Usuario podr\u00e1 ejercer los siguientes derechos en relaci\u00f3n con el tratamiento de sus datos:<\/p><ul><li><strong>Derecho de acceso:<\/strong>\u00a0El Usuario podr\u00e1 preguntar a la Oficina de Farmacia si est\u00e1 tratando sus datos y, en caso afirmativo, acceder a los mismos.<\/li><li><strong>Derecho de rectificaci\u00f3n:<\/strong>\u00a0El Usuario podr\u00e1 solicitar la rectificaci\u00f3n de los datos si \u00e9stos son inexactos, o completar los datos que tengamos incompletos.<\/li><li><strong>Derecho a solicitar la supresi\u00f3n de sus datos:\u00a0<\/strong>En el momento en que el Usuario ejerza sus derechos de supresi\u00f3n, todos los datos personales vinculados a su cuenta, as\u00ed como la informaci\u00f3n y contenidos que se integren en su perfil ser\u00e1n cancelados.<\/li><li><strong>Derecho a solicitar la limitaci\u00f3n de su tratamiento:<\/strong>\u00a0En este caso \u00fanicamente los conservaremos para el ejercicio o la defensa de reclamaciones.<\/li><li><strong>Derecho a oponerse al tratamiento:<\/strong>\u00a0La Oficina de Farmacia dejar\u00e1 de tratar los datos personales, con la excepci\u00f3n que deban seguir trat\u00e1ndose por motivos leg\u00edtimos o para el ejercicio o defensa de posibles reclamaciones.<\/li><li><strong>Derecho a la portabilidad de los datos:<\/strong>\u00a0En caso de que el Usuario quiera que sus datos sean tratados por otro responsable del tratamiento, la Oficina de Farmacia le facilitar\u00e1 el trasvase de sus datos al nuevo responsable.<\/li><li><strong>Derecho a no ser objeto de una decisi\u00f3n basada \u00fanicamente en el tratamiento automatizado de sus datos personales.<\/strong><\/li><\/ul><p>\u00a0<\/p><p>Para ejercitar sus derechos, incluso para llevar a cabo una reclamaci\u00f3n en caso de que considere que la Oficina de Farmacia est\u00e1 tratando de forma inapropiada sus datos, deber\u00e1 enviar una comunicaci\u00f3n por escrito al domicilio de la Oficina de Farmacia o a la direcci\u00f3n de correo electr\u00f3nico\u00a0<a href=\"https:\/\/www.frigolacampasol.com\/es\/farmacia@frigolacampasol.com\" target=\"_blank\" rel=\"noopener\">farmacia@frigolacampasol.com<\/a>, incluyendo en ambos casos fotocopia de su D.N.I., N.I.E. u otro documento de identificaci\u00f3n equivalente.<\/p><p>Puede utilizar los modelos y formularios sobre los derechos referidos anteriormente dirigi\u00e9ndose a la p\u00e1gina oficial de la Agencia Espa\u00f1ola de Protecci\u00f3n de Datos (<a href=\"https:\/\/www.aepd.es\/\" target=\"_blank\" rel=\"noopener\">https:\/\/www.aepd.es\/<\/a>). Si Usted considera que la Oficina de Farmacia est\u00e1 tratando sus datos personales de forma inapropiada, puede dirigir sus reclamaciones ante esta Autoridad de Control.<\/p><p><strong>8. Cambios en la Pol\u00edtica de Privacidad<\/strong><\/p><p>Solo utilizaremos datos de car\u00e1cter personal seg\u00fan lo establecido en la Pol\u00edtica de Privacidad que est\u00e9 en vigor en el momento en que se recaben dichos datos.<\/p><p>La Oficina de Farmacia se reserva el derecho a modificar en cualquier momento esta Pol\u00edtica de Privacidad, publicando tales modificaciones en la Web, por lo que se recomienda visitarla cada vez que se acceda al mismo. Si en alg\u00fan momento decidimos usar datos personales de modo diferente a lo que se declar\u00f3 en el momento de su obtenci\u00f3n, se comunicar\u00e1 al Usuario por correo electr\u00f3nico, siempre y cuando dispongamos del mismo. En ese momento, se le dar\u00e1 la opci\u00f3n de autorizar otros usos o divulgaciones de los datos personales que nos hubiera facilitado antes de la modificaci\u00f3n de nuestra Pol\u00edtica de Privacidad.<\/p><p>En caso de que cualquier cl\u00e1usula de la presente Pol\u00edtica de Privacidad fuera anulada o considerada nula, el resto de las condiciones no se ver\u00e1n afectadas, conservando plenamente su validez y vigencia, en atenci\u00f3n a la normativa vigente de aplicaci\u00f3n en cada momento.<\/p><p><strong>9. Enlaces a otros sitios web<\/strong><\/p><p>En nuestra Web se utilizan o pueden utilizarse hiperv\u00ednculos que permitan un enlace con otras p\u00e1ginas o sitios web. La Oficina de Farmacia no se responsabiliza del contenido de tales sitios web ni son responsables de las pol\u00edticas de privacidad de los mismos. Se recomienda tener en cuenta y leer las pol\u00edticas de privacidad de todos los sitios web que visite. Recuerde que lo que se indica en esta Pol\u00edtica de Privacidad solo rige para los datos que recaba y\/o trata la Oficina de Farmacia.<\/p><p><strong>10. Legislaci\u00f3n aplicable<\/strong><\/p><p>La privacidad de toda la informaci\u00f3n facilitada, tanto la facilitada por el Usuario por medio de los diferentes formularios de solicitud de datos personales est\u00e1 regulada por la normativa de protecci\u00f3n de datos vigente, en especial, por el RGPD y por la LOPDGDD.<\/p>\t\t\t\t\t\t\t\t<\/div>\n\t\t\t\t\t<\/div>\n\t\t\t\t<\/div>\n\t\t\t\t<\/div>","protected":false},"excerpt":{"rendered":"<p>Pol\u00edtica de privacidad \u00daltima actualizaci\u00f3n:\u00a001\/09\/2021 INFORMACI\u00d3N CORPORATIVA De conformidad con la legislaci\u00f3n europea y espa\u00f1ola y, en concreto con la Ley 34\/2002, de 11 de julio, de Servicios de la Sociedad de la Informaci\u00f3n y Comercio Electr\u00f3nico (en adelante, la \u201cLSSI-CE\u201d), le informamos de que el sitio web\u00a0https:\/\/www.farmaciagirona.cat\u00a0(en adelante, la \u201cWeb\u201d) es propiedad de Farm\u00e0cia [&hellip;]<\/p>","protected":false},"author":1,"featured_media":0,"parent":0,"menu_order":0,"comment_status":"closed","ping_status":"closed","template":"","meta":{"footnotes":""},"class_list":["post-3","page","type-page","status-publish","hentry"],"_links":{"self":[{"href":"https:\/\/farmaciagirona.cat\/ca\/wp-json\/wp\/v2\/pages\/3","targetHints":{"allow":["GET"]}}],"collection":[{"href":"https:\/\/farmaciagirona.cat\/ca\/wp-json\/wp\/v2\/pages"}],"about":[{"href":"https:\/\/farmaciagirona.cat\/ca\/wp-json\/wp\/v2\/types\/page"}],"author":[{"embeddable":true,"href":"https:\/\/farmaciagirona.cat\/ca\/wp-json\/wp\/v2\/users\/1"}],"replies":[{"embeddable":true,"href":"https:\/\/farmaciagirona.cat\/ca\/wp-json\/wp\/v2\/comments?post=3"}],"version-history":[{"count":8,"href":"https:\/\/farmaciagirona.cat\/ca\/wp-json\/wp\/v2\/pages\/3\/revisions"}],"predecessor-version":[{"id":209,"href":"https:\/\/farmaciagirona.cat\/ca\/wp-json\/wp\/v2\/pages\/3\/revisions\/209"}],"wp:attachment":[{"href":"https:\/\/farmaciagirona.cat\/ca\/wp-json\/wp\/v2\/media?parent=3"}],"curies":[{"name":"wp","href":"https:\/\/api.w.org\/{rel}","templated":true}]}}