{"id":18,"date":"2026-02-04T13:03:21","date_gmt":"2026-02-04T13:03:21","guid":{"rendered":"https:\/\/farmaciagirona.cat\/?page_id=18"},"modified":"2026-02-05T11:54:29","modified_gmt":"2026-02-05T11:54:29","slug":"la-farmacia","status":"publish","type":"page","link":"https:\/\/farmaciagirona.cat\/ca\/la-farmacia\/","title":{"rendered":"La farmacia"},"content":{"rendered":"<div data-elementor-type=\"wp-page\" data-elementor-id=\"18\" class=\"elementor elementor-18\" data-elementor-post-type=\"page\">\n\t\t\t\t<div class=\"elementor-element elementor-element-ae7a371 e-con-full e-flex e-con e-parent\" data-id=\"ae7a371\" data-element_type=\"container\" data-e-type=\"container\" data-settings=\"{&quot;background_background&quot;:&quot;classic&quot;}\">\n\t\t<div class=\"elementor-element elementor-element-e3952d2 e-con-full e-flex e-con e-child\" data-id=\"e3952d2\" data-element_type=\"container\" data-e-type=\"container\">\n\t\t\t\t<\/div>\n\t\t\t\t<\/div>\n\t\t<div class=\"elementor-element elementor-element-da50152 e-flex e-con-boxed e-con e-parent\" data-id=\"da50152\" data-element_type=\"container\" data-e-type=\"container\">\n\t\t\t\t\t<div class=\"e-con-inner\">\n\t\t<div class=\"elementor-element elementor-element-9dc53c6 e-con-full e-flex e-con e-child\" data-id=\"9dc53c6\" data-element_type=\"container\" data-e-type=\"container\">\n\t\t\t\t<div class=\"elementor-element elementor-element-2e60b11 elementor-widget elementor-widget-heading\" data-id=\"2e60b11\" data-element_type=\"widget\" data-e-type=\"widget\" data-widget_type=\"heading.default\">\n\t\t\t\t\t<h2 class=\"elementor-heading-title elementor-size-default\">Farmacia Frigola Campasol \u00b7 Girona<\/h2>\t\t\t\t<\/div>\n\t\t\t\t<div class=\"elementor-element elementor-element-1f0be75 elementor-widget elementor-widget-heading\" data-id=\"1f0be75\" data-element_type=\"widget\" data-e-type=\"widget\" data-widget_type=\"heading.default\">\n\t\t\t\t\t<h3 class=\"elementor-heading-title elementor-size-default\">Atenci\u00f3n farmac\u00e9utica basada en la experiencia, la cercan\u00eda y el compromiso con la salud<\/h3>\t\t\t\t<\/div>\n\t\t\t\t<div class=\"elementor-element elementor-element-e4940fa elementor-widget elementor-widget-text-editor\" data-id=\"e4940fa\" data-element_type=\"widget\" data-e-type=\"widget\" data-widget_type=\"text-editor.default\">\n\t\t\t\t\t\t\t\t\t<p data-start=\"423\" data-end=\"690\">En <strong data-start=\"426\" data-end=\"455\">Farmacia Frigola Campasol<\/strong> entendemos la farmacia como un espacio de acompa\u00f1amiento en cada etapa de tu salud. Nuestro trabajo diario se basa en ofrecer un servicio riguroso, accesible y humano, donde el consejo profesional y la atenci\u00f3n cercana van de la mano.<\/p><p data-start=\"692\" data-end=\"941\">Disponemos de un <strong data-start=\"709\" data-end=\"769\">equipo cualificado de farmac\u00e9uticos y personal sanitario<\/strong>, preparado para orientarte con criterio y responsabilidad en el uso de medicamentos, el cuidado personal y la prevenci\u00f3n, siempre adapt\u00e1ndonos a tus necesidades concretas.<\/p><p data-start=\"943\" data-end=\"1302\">Nuestra farmacia en Girona est\u00e1 pensada para darte respuestas claras, facilitarte el acceso a productos y servicios de salud, y ofrecerte un entorno de confianza donde sentirte bien atendido. Adem\u00e1s, impulsamos iniciativas y actividades relacionadas con la salud, as\u00ed como servicios pr\u00e1cticos como la gesti\u00f3n de encargos, para hacer tu d\u00eda a d\u00eda m\u00e1s sencillo.<\/p><p data-start=\"1304\" data-end=\"1432\">Porque cuidar de la salud va m\u00e1s all\u00e1 de dispensar un producto: es escuchar, orientar y estar presentes cuando m\u00e1s lo necesitas.<\/p>\t\t\t\t\t\t\t\t<\/div>\n\t\t\t\t<\/div>\n\t\t\t\t\t<\/div>\n\t\t\t\t<\/div>\n\t\t<div class=\"elementor-element elementor-element-1cb43a8 e-flex e-con-boxed e-con e-parent\" data-id=\"1cb43a8\" data-element_type=\"container\" data-e-type=\"container\" data-settings=\"{&quot;background_background&quot;:&quot;classic&quot;}\">\n\t\t\t\t\t<div class=\"e-con-inner\">\n\t\t<div class=\"elementor-element elementor-element-84fc0f6 e-con-full e-flex e-con e-child\" data-id=\"84fc0f6\" data-element_type=\"container\" data-e-type=\"container\" data-settings=\"{&quot;background_background&quot;:&quot;classic&quot;}\">\n\t\t\t\t<div class=\"elementor-element elementor-element-3efd874 elementor-widget elementor-widget-heading\" data-id=\"3efd874\" data-element_type=\"widget\" data-e-type=\"widget\" data-widget_type=\"heading.default\">\n\t\t\t\t\t<h2 class=\"elementor-heading-title elementor-size-default\">Servicios de salud <\/h2>\t\t\t\t<\/div>\n\t\t\t\t<div class=\"elementor-element elementor-element-8f8d6b6 elementor-widget elementor-widget-text-editor\" data-id=\"8f8d6b6\" data-element_type=\"widget\" data-e-type=\"widget\" data-widget_type=\"text-editor.default\">\n\t\t\t\t\t\t\t\t\t<p data-start=\"326\" data-end=\"554\">En Farmacia Frigola Campasol ponemos a tu disposici\u00f3n una selecci\u00f3n de servicios sanitarios orientados a la prevenci\u00f3n, el seguimiento y el cuidado de la salud, siempre con atenci\u00f3n profesional y adaptada a cada persona.<\/p>\t\t\t\t\t\t\t\t<\/div>\n\t\t<div class=\"elementor-element elementor-element-7703868 e-grid e-con-full e-con e-child\" data-id=\"7703868\" data-element_type=\"container\" data-e-type=\"container\">\n\t\t<div class=\"elementor-element elementor-element-5c6e795 e-con-full e-flex e-con e-child\" data-id=\"5c6e795\" data-element_type=\"container\" data-e-type=\"container\">\n\t\t\t\t<div class=\"elementor-element elementor-element-5ab6b30 elementor-widget elementor-widget-heading\" data-id=\"5ab6b30\" data-element_type=\"widget\" data-e-type=\"widget\" data-widget_type=\"heading.default\">\n\t\t\t\t\t<h3 class=\"elementor-heading-title elementor-size-default\">Cribado Test de Ant\u00edgenos R\u00e1pido (TAR)<\/h3>\t\t\t\t<\/div>\n\t\t\t\t<div class=\"elementor-element elementor-element-fa5ba5e elementor-widget elementor-widget-text-editor\" data-id=\"fa5ba5e\" data-element_type=\"widget\" data-e-type=\"widget\" data-widget_type=\"text-editor.default\">\n\t\t\t\t\t\t\t\t\t<p data-start=\"326\" data-end=\"554\">Servicio de detecci\u00f3n mediante test r\u00e1pido, dirigido a monitores y monitoras de ocio y a ni\u00f1os y j\u00f3venes de entre 10 y 40 a\u00f1os.<\/p>\t\t\t\t\t\t\t\t<\/div>\n\t\t\t\t<\/div>\n\t\t<div class=\"elementor-element elementor-element-bc9e0fe e-con-full e-flex e-con e-child\" data-id=\"bc9e0fe\" data-element_type=\"container\" data-e-type=\"container\">\n\t\t\t\t<div class=\"elementor-element elementor-element-d349456 elementor-widget elementor-widget-heading\" data-id=\"d349456\" data-element_type=\"widget\" data-e-type=\"widget\" data-widget_type=\"heading.default\">\n\t\t\t\t\t<h3 class=\"elementor-heading-title elementor-size-default\">Alquiler de material de ortopedia<\/h3>\t\t\t\t<\/div>\n\t\t\t\t<div class=\"elementor-element elementor-element-f600713 elementor-widget elementor-widget-text-editor\" data-id=\"f600713\" data-element_type=\"widget\" data-e-type=\"widget\" data-widget_type=\"text-editor.default\">\n\t\t\t\t\t\t\t\t\t<p data-start=\"326\" data-end=\"554\">Disponibilidad de productos de ortopedia y ayudas a la movilidad en r\u00e9gimen de alquiler, para facilitar tu d\u00eda a d\u00eda.<\/p>\t\t\t\t\t\t\t\t<\/div>\n\t\t\t\t<\/div>\n\t\t<div class=\"elementor-element elementor-element-b902093 e-con-full e-flex e-con e-child\" data-id=\"b902093\" data-element_type=\"container\" data-e-type=\"container\">\n\t\t\t\t<div class=\"elementor-element elementor-element-8c62e1c elementor-widget elementor-widget-heading\" data-id=\"8c62e1c\" data-element_type=\"widget\" data-e-type=\"widget\" data-widget_type=\"heading.default\">\n\t\t\t\t\t<h3 class=\"elementor-heading-title elementor-size-default\">An\u00e1lisis facial<\/h3>\t\t\t\t<\/div>\n\t\t\t\t<div class=\"elementor-element elementor-element-58be80d elementor-widget elementor-widget-text-editor\" data-id=\"58be80d\" data-element_type=\"widget\" data-e-type=\"widget\" data-widget_type=\"text-editor.default\">\n\t\t\t\t\t\t\t\t\t<p data-start=\"326\" data-end=\"554\">Estudio y visualizaci\u00f3n de distintos par\u00e1metros de la piel mediante tecnolog\u00eda dermocosm\u00e9tica especializada.<\/p>\t\t\t\t\t\t\t\t<\/div>\n\t\t\t\t<\/div>\n\t\t<div class=\"elementor-element elementor-element-3d2c874 e-con-full e-flex e-con e-child\" data-id=\"3d2c874\" data-element_type=\"container\" data-e-type=\"container\">\n\t\t\t\t<div class=\"elementor-element elementor-element-9d25a4c elementor-widget elementor-widget-heading\" data-id=\"9d25a4c\" data-element_type=\"widget\" data-e-type=\"widget\" data-widget_type=\"heading.default\">\n\t\t\t\t\t<h3 class=\"elementor-heading-title elementor-size-default\">An\u00e1lisis VIH<\/h3>\t\t\t\t<\/div>\n\t\t\t\t<div class=\"elementor-element elementor-element-57ebfbe elementor-widget elementor-widget-text-editor\" data-id=\"57ebfbe\" data-element_type=\"widget\" data-e-type=\"widget\" data-widget_type=\"text-editor.default\">\n\t\t\t\t\t\t\t\t\t<p data-start=\"326\" data-end=\"554\">Prueba orientativa realizada a partir de una muestra, indicada una vez transcurridos 3 meses desde una posible exposici\u00f3n.<\/p>\t\t\t\t\t\t\t\t<\/div>\n\t\t\t\t<\/div>\n\t\t<div class=\"elementor-element elementor-element-6e0adaf e-con-full e-flex e-con e-child\" data-id=\"6e0adaf\" data-element_type=\"container\" data-e-type=\"container\">\n\t\t\t\t<div class=\"elementor-element elementor-element-39eba62 elementor-widget elementor-widget-heading\" data-id=\"39eba62\" data-element_type=\"widget\" data-e-type=\"widget\" data-widget_type=\"heading.default\">\n\t\t\t\t\t<h3 class=\"elementor-heading-title elementor-size-default\">Control de la presi\u00f3n arterial<\/h3>\t\t\t\t<\/div>\n\t\t\t\t<div class=\"elementor-element elementor-element-613f2a6 elementor-widget elementor-widget-text-editor\" data-id=\"613f2a6\" data-element_type=\"widget\" data-e-type=\"widget\" data-widget_type=\"text-editor.default\">\n\t\t\t\t\t\t\t\t\t<p data-start=\"326\" data-end=\"554\">Medici\u00f3n y seguimiento de la presi\u00f3n arterial para la prevenci\u00f3n y control de factores de riesgo cardiovascular.<\/p>\t\t\t\t\t\t\t\t<\/div>\n\t\t\t\t<\/div>\n\t\t<div class=\"elementor-element elementor-element-87dc8f8 e-con-full e-flex e-con e-child\" data-id=\"87dc8f8\" data-element_type=\"container\" data-e-type=\"container\">\n\t\t\t\t<div class=\"elementor-element elementor-element-74fa1ba elementor-widget elementor-widget-heading\" data-id=\"74fa1ba\" data-element_type=\"widget\" data-e-type=\"widget\" data-widget_type=\"heading.default\">\n\t\t\t\t\t<h3 class=\"elementor-heading-title elementor-size-default\">Determinaci\u00f3n y seguimiento del INR<\/h3>\t\t\t\t<\/div>\n\t\t\t\t<div class=\"elementor-element elementor-element-6c05053 elementor-widget elementor-widget-text-editor\" data-id=\"6c05053\" data-element_type=\"widget\" data-e-type=\"widget\" data-widget_type=\"text-editor.default\">\n\t\t\t\t\t\t\t\t\t<p data-start=\"326\" data-end=\"554\">Control peri\u00f3dico del INR para asegurar que los valores se mantienen dentro del rango terap\u00e9utico adecuado.<\/p>\t\t\t\t\t\t\t\t<\/div>\n\t\t\t\t<\/div>\n\t\t<div class=\"elementor-element elementor-element-4661a29 e-con-full e-flex e-con e-child\" data-id=\"4661a29\" data-element_type=\"container\" data-e-type=\"container\">\n\t\t\t\t<div class=\"elementor-element elementor-element-147f1a6 elementor-widget elementor-widget-heading\" data-id=\"147f1a6\" data-element_type=\"widget\" data-e-type=\"widget\" data-widget_type=\"heading.default\">\n\t\t\t\t\t<h3 class=\"elementor-heading-title elementor-size-default\">Ortopedia<\/h3>\t\t\t\t<\/div>\n\t\t\t\t<div class=\"elementor-element elementor-element-6fbd867 elementor-widget elementor-widget-text-editor\" data-id=\"6fbd867\" data-element_type=\"widget\" data-e-type=\"widget\" data-widget_type=\"text-editor.default\">\n\t\t\t\t\t\t\t\t\t<p data-start=\"326\" data-end=\"554\">Asesoramiento especializado en productos de ortesis y ayudas t\u00e9cnicas adaptadas a cada necesidad.<\/p>\t\t\t\t\t\t\t\t<\/div>\n\t\t\t\t<\/div>\n\t\t<div class=\"elementor-element elementor-element-97f045f e-con-full e-flex e-con e-child\" data-id=\"97f045f\" data-element_type=\"container\" data-e-type=\"container\">\n\t\t\t\t<div class=\"elementor-element elementor-element-c5ee16a elementor-widget elementor-widget-heading\" data-id=\"c5ee16a\" data-element_type=\"widget\" data-e-type=\"widget\" data-widget_type=\"heading.default\">\n\t\t\t\t\t<h3 class=\"elementor-heading-title elementor-size-default\">Programa de detecci\u00f3n de c\u00e1ncer de colon<\/h3>\t\t\t\t<\/div>\n\t\t\t\t<div class=\"elementor-element elementor-element-39f28ed elementor-widget elementor-widget-text-editor\" data-id=\"39f28ed\" data-element_type=\"widget\" data-e-type=\"widget\" data-widget_type=\"text-editor.default\">\n\t\t\t\t\t\t\t\t\t<p data-start=\"326\" data-end=\"554\">Servicio de cribado mediante an\u00e1lisis de muestras para la detecci\u00f3n precoz y la prevenci\u00f3n.<\/p>\t\t\t\t\t\t\t\t<\/div>\n\t\t\t\t<\/div>\n\t\t\t\t<\/div>\n\t\t\t\t<\/div>\n\t\t\t\t\t<\/div>\n\t\t\t\t<\/div>\n\t\t<div class=\"elementor-element elementor-element-afc2980 e-flex e-con-boxed elementor-invisible e-con e-parent\" data-id=\"afc2980\" data-element_type=\"container\" data-e-type=\"container\" data-settings=\"{&quot;background_background&quot;:&quot;classic&quot;,&quot;background_motion_fx_motion_fx_scrolling&quot;:&quot;yes&quot;,&quot;background_motion_fx_translateY_effect&quot;:&quot;yes&quot;,&quot;animation&quot;:&quot;fadeInUp&quot;,&quot;background_motion_fx_devices&quot;:[&quot;desktop&quot;,&quot;tablet&quot;],&quot;background_motion_fx_translateY_speed&quot;:{&quot;unit&quot;:&quot;px&quot;,&quot;size&quot;:4,&quot;sizes&quot;:[]},&quot;background_motion_fx_translateY_affectedRange&quot;:{&quot;unit&quot;:&quot;%&quot;,&quot;size&quot;:&quot;&quot;,&quot;sizes&quot;:{&quot;start&quot;:0,&quot;end&quot;:100}}}\">\n\t\t\t\t\t<div class=\"e-con-inner\">\n\t\t<div class=\"elementor-element elementor-element-b955ca8 e-con-full e-flex e-con e-child\" data-id=\"b955ca8\" data-element_type=\"container\" data-e-type=\"container\">\n\t\t\t\t<div class=\"elementor-element elementor-element-ef7a91f elementor-widget elementor-widget-heading\" data-id=\"ef7a91f\" data-element_type=\"widget\" data-e-type=\"widget\" data-widget_type=\"heading.default\">\n\t\t\t\t\t<h3 class=\"elementor-heading-title elementor-size-default\">\u00bfNecesitas m\u00e1s informaci\u00f3n sobre nuestros servicios?<\/h3>\t\t\t\t<\/div>\n\t\t\t\t<div class=\"elementor-element elementor-element-a7d105e elementor-widget elementor-widget-text-editor\" data-id=\"a7d105e\" data-element_type=\"widget\" data-e-type=\"widget\" data-widget_type=\"text-editor.default\">\n\t\t\t\t\t\t\t\t\t<p data-start=\"266\" data-end=\"522\">Si quieres ampliar informaci\u00f3n, consultar disponibilidad o resolver cualquier duda sobre nuestros servicios de salud, nuestro equipo estar\u00e1 encantado de atenderte y orientarte de forma personalizada.<\/p>\t\t\t\t\t\t\t\t<\/div>\n\t\t\t\t<div class=\"elementor-element elementor-element-8792301 elementor-align-center elementor-mobile-align-center elementor-widget elementor-widget-button\" data-id=\"8792301\" data-element_type=\"widget\" data-e-type=\"widget\" data-widget_type=\"button.default\">\n\t\t\t\t\t\t\t\t\t\t<a class=\"elementor-button elementor-button-link elementor-size-sm elementor-animation-grow\" href=\"\/ca\/contacto\/\">\n\t\t\t\t\t\t<span class=\"elementor-button-content-wrapper\">\n\t\t\t\t\t\t\t\t\t<span class=\"elementor-button-text\">contacto<\/span>\n\t\t\t\t\t<\/span>\n\t\t\t\t\t<\/a>\n\t\t\t\t\t\t\t\t<\/div>\n\t\t\t\t<\/div>\n\t\t\t\t\t<\/div>\n\t\t\t\t<\/div>\n\t\t\t\t<\/div>","protected":false},"excerpt":{"rendered":"<p>Farmacia Frigola Campasol \u00b7 Girona Atenci\u00f3n farmac\u00e9utica basada en la experiencia, la cercan\u00eda y el compromiso con la salud En Farmacia Frigola Campasol entendemos la farmacia como un espacio de acompa\u00f1amiento en cada etapa de tu salud. Nuestro trabajo diario se basa en ofrecer un servicio riguroso, accesible y humano, donde el consejo profesional y [&hellip;]<\/p>","protected":false},"author":1,"featured_media":155,"parent":0,"menu_order":0,"comment_status":"closed","ping_status":"closed","template":"","meta":{"footnotes":""},"class_list":["post-18","page","type-page","status-publish","has-post-thumbnail","hentry"],"_links":{"self":[{"href":"https:\/\/farmaciagirona.cat\/ca\/wp-json\/wp\/v2\/pages\/18","targetHints":{"allow":["GET"]}}],"collection":[{"href":"https:\/\/farmaciagirona.cat\/ca\/wp-json\/wp\/v2\/pages"}],"about":[{"href":"https:\/\/farmaciagirona.cat\/ca\/wp-json\/wp\/v2\/types\/page"}],"author":[{"embeddable":true,"href":"https:\/\/farmaciagirona.cat\/ca\/wp-json\/wp\/v2\/users\/1"}],"replies":[{"embeddable":true,"href":"https:\/\/farmaciagirona.cat\/ca\/wp-json\/wp\/v2\/comments?post=18"}],"version-history":[{"count":11,"href":"https:\/\/farmaciagirona.cat\/ca\/wp-json\/wp\/v2\/pages\/18\/revisions"}],"predecessor-version":[{"id":244,"href":"https:\/\/farmaciagirona.cat\/ca\/wp-json\/wp\/v2\/pages\/18\/revisions\/244"}],"wp:featuredmedia":[{"embeddable":true,"href":"https:\/\/farmaciagirona.cat\/ca\/wp-json\/wp\/v2\/media\/155"}],"wp:attachment":[{"href":"https:\/\/farmaciagirona.cat\/ca\/wp-json\/wp\/v2\/media?parent=18"}],"curies":[{"name":"wp","href":"https:\/\/api.w.org\/{rel}","templated":true}]}}