{"id":16,"date":"2026-02-04T13:02:44","date_gmt":"2026-02-04T13:02:44","guid":{"rendered":"https:\/\/farmaciagirona.cat\/?page_id=16"},"modified":"2026-02-05T09:49:24","modified_gmt":"2026-02-05T09:49:24","slug":"aviso-legal","status":"publish","type":"page","link":"https:\/\/farmaciagirona.cat\/ca\/aviso-legal\/","title":{"rendered":"Aviso legal"},"content":{"rendered":"<div data-elementor-type=\"wp-page\" data-elementor-id=\"16\" class=\"elementor elementor-16\" data-elementor-post-type=\"page\">\n\t\t\t\t<div class=\"elementor-element elementor-element-5129fbe e-flex e-con-boxed e-con e-parent\" data-id=\"5129fbe\" data-element_type=\"container\" data-e-type=\"container\">\n\t\t\t\t\t<div class=\"e-con-inner\">\n\t\t\t\t<div class=\"elementor-element elementor-element-94ad084 elementor-widget elementor-widget-heading\" data-id=\"94ad084\" data-element_type=\"widget\" data-e-type=\"widget\" data-widget_type=\"heading.default\">\n\t\t\t\t\t<h3 class=\"elementor-heading-title elementor-size-default\">Aviso legal<\/h3>\t\t\t\t<\/div>\n\t\t\t\t<div class=\"elementor-element elementor-element-d2453cd elementor-widget elementor-widget-text-editor\" data-id=\"d2453cd\" data-element_type=\"widget\" data-e-type=\"widget\" data-widget_type=\"text-editor.default\">\n\t\t\t\t\t\t\t\t\t<p><strong>CONDICIONES GENERALES DE ACCESO Y USO DE LA WEB<\/strong><\/p><p><strong>\u00daltima actualizaci\u00f3n:<\/strong>\u00a001\/09\/2021<\/p><p><strong>Previo<\/strong><\/p><p>La p\u00e1gina web\u00a0<a href=\"https:\/\/farmaciagirona.cat\/ca\/\">https:\/\/www.farmaciagirona.cat<\/a>\u00a0(en adelante, la \u201c<strong>Web<\/strong>\u201d) pertenece a\u00a0<strong>Farm\u00e0cia Frigola-Campasol<\/strong>\u00a0(en adelante, la \u201c<strong>Oficina de Farmacia<\/strong>\u201d), con N.I.F. E17894551 y Colegiado Oficial de Farmac\u00e9uticos de ##PHARMACY_COMMUNITY## con n\u00famero ##PHARMACY_HOLDER_NUMBER# , n\u00famero de farmacia ##PHARMACY_NUMBER##\u00a0y domicilio en Cl Josep Maria Prats, 4.<\/p><p>El usuario al utilizar la Web acepta las presentes condiciones generales de acceso y uso de la Web (en adelante, las \u201c<strong>Condiciones Generales de Acceso y Uso<\/strong>\u201d) y se compromete a utilizar la Web, as\u00ed como, los servicios y los contenidos alojados de conformidad con las presentes Condiciones Generales de Acceso y Uso y bajo su \u00fanica y exclusiva responsabilidad.<\/p><p><strong>1. Identificaci\u00f3n de las Partes.<\/strong><\/p><p>Las Condiciones Generales de Acceso y Uso se aplican, de una parte, a la Oficina de Farmacia y, de otra, al usuario final interesado en los servicios ofrecidos a trav\u00e9s de la Web (en adelante, el\u00a0<strong>\u201cUsuario\u201d<\/strong>) cuyos datos de car\u00e1cter personal son los que \u00e9ste ha facilitado, en especial, a trav\u00e9s de los formularios de contacto y\/o encargo que la Oficina de Farmacia pone a disposici\u00f3n del Usuario.<\/p><p><strong>2. Objeto y \u00e1mbito de aplicaci\u00f3n.<\/strong><\/p><p>Las presentes Condiciones Generales de Acceso y Uso regulan el acceso, navegaci\u00f3n y utilizaci\u00f3n de la Web por parte del Usuario.<\/p><p>No obstante, el acceso a determinados contenidos y la utilizaci\u00f3n de determinados servicios de la Oficina de Farmacia se pueden encontrar sometidos a otras condiciones, que, seg\u00fan los casos, sustituir\u00e1n, completar\u00e1n y\/o modificar\u00e1n estas Condiciones Generales de Acceso y Uso.<\/p><p><strong>3. Acceso y Uso de la Web.<\/strong><\/p><p>El acceso a la Web es de la exclusiva responsabilidad de quien lo realiza. El Usuario se compromete a utilizar los contenidos, informaci\u00f3n y datos de la Web de conformidad con estas Condiciones Generales de Acceso y Uso, con el resto de las pol\u00edticas accesibles a trav\u00e9s de la Web, con la normativa de aplicaci\u00f3n, con las buenas costumbres generalmente aceptadas y con el orden p\u00fablico.<\/p><p>La Oficina de Farmacia no responder\u00e1 de ninguna consecuencia, da\u00f1o o perjuicio que pudiera derivarse de dicho acceso, uso o del incumplimiento de las presentes Condiciones Generales de Acceso y Uso, ni se har\u00e1 responsable de los errores de seguridad que se puedan producir ni de los da\u00f1os que puedan causarse al sistema inform\u00e1tico del Usuario (<em>hardware<\/em>\u00a0y\u00a0<em>software<\/em>) o a los ficheros o documentos almacenados en el mismo como consecuencia de: (i) la presencia de un virus en el ordenador del Usuario que sea utilizado para la conexi\u00f3n a los servicios y\/o productos ofrecidos por la Oficina de Farmacia a trav\u00e9s de la Web; (ii) un mal funcionamiento del navegador; y (iii) el uso de versiones no actualizadas del mismo.<\/p><p><strong>4. Reglas de Uso de la Web.<\/strong><\/p><p>El Usuario se compromete a:<\/p><ul><li>No utilizar la Web para desarrollar operaciones de tiempo compartido, constituirse en proveedor de servicios de aplicaciones\u00a0<em>software<\/em>\u00a0en la medida en que estuvieren orientados a hacer posible el acceso de terceros a la plataforma o a cualquiera de sus componentes, a trav\u00e9s de operaciones de alquiler, servicios administrativos o cualesquiera otros de an\u00e1loga consideraci\u00f3n, comparti\u00e9ndolos o poni\u00e9ndolos a disposici\u00f3n de terceros.<\/li><li>No usar la Web para recoger datos de car\u00e1cter personal de otros usuarios.<\/li><li>No realizar actos de ingenier\u00eda inversa, toma de requisitos y dem\u00e1s actividades encaminadas a desarrollar una plataforma online id\u00e9ntica o semejante a la puesta a disposici\u00f3n por parte de la Oficina de Farmacia, pudiendo ser considerada esta actividad como un acto de competencia desleal y vulneraci\u00f3n de los derechos de propiedad intelectual e industrial que la Oficina de Farmacia ostenta sobre la plataforma.<\/li><li>No traducir, adaptar, mejorar, transformar, corregir la plataforma, o cualquiera de los elementos que los integren ni de ninguna otra forma modificarla, no pudiendo incorporar la plataforma a otros software o plataformas propias o provistas por terceros.<\/li><li>No retirar, suprimir, alterar, manipular ni en modo alguno modificar aquellas notas, leyendas, indicaciones o s\u00edmbolos que la Oficina de Farmacia, como leg\u00edtimo titular de los derechos, incorpore a sus propiedades en materia de propiedad intelectual o industrial (por ejemplo, copyright, \u00a9, \u00ae y TM) ya fuera en la propia plataforma como en el material asociado.<\/li><li>Poner en conocimiento de la Oficina de Farmacia cualquier hecho o situaci\u00f3n que hubiera ocurrido que pudiera poner en riesgo la seguridad en el acceso por parte de los usuarios autorizados.<\/li><li>Impedir el normal desarrollo de un evento, concurso, promoci\u00f3n o cualquier otra actividad disponible a trav\u00e9s de la Web ya sea alterando o tratando de alterar, ilegalmente o de cualquier otra forma, el acceso, participaci\u00f3n o funcionamiento de aqu\u00e9llos, o falseando el resultado de los mismos y\/o utilizando m\u00e9todos de participaci\u00f3n fraudulentos, mediante cualquier procedimiento, y\/o a trav\u00e9s de cualquier pr\u00e1ctica que atente o vulnere en modo alguno las presentes Condiciones Generales de Acceso y Uso.<\/li><li>Queda prohibido forzar fallos o buscar brechas de seguridad en la Web.<\/li><li>Abstenerse de utilizar los contenidos de la Web con fines o efectos il\u00edcitos, prohibidos o contrarios a los aqu\u00ed establecidos, lesivos de los derechos e intereses de la Oficina de Farmacia, de los dem\u00e1s usuarios, de terceros o que de cualquier forma puedan da\u00f1ar, inutilizar, sobrecargar o deteriorar la presente Web o impedir la normal utilizaci\u00f3n o disfrute de los mismos por parte de los usuarios.<\/li><\/ul><p>\u00a0<\/p><p><strong>5. Enlaces a otros sitios web.<\/strong><\/p><p>Las presentes Condiciones Generales de Acceso y Uso no se aplican a los enlaces, p\u00e1ginas web y aplicaciones de terceros a los que se pueda acceder a trav\u00e9s de la Web.<\/p><p>En caso de acceder a otras redes o recursos inform\u00e1ticos, el Usuario acepte someterse a lo dispuesto en las correspondientes pol\u00edticas de privacidad. En consecuencia, la Oficina de Farmacia no se responsabiliza ni del contenido ni de las medidas de seguridad adoptadas por los mismos.<\/p><p>Asimismo, tampoco se garantiza la ausencia de virus u otros elementos de los contenidos enlazados desde la Web que puedan producir alteraciones en el sistema inform\u00e1tico (hardware y software) en los documentos o los ficheros del Usuario, excluyendo asimismo a la Oficina de Farmacia de cualquier responsabilidad derivada de los da\u00f1os de cualquier \u00edndole ocasionados por todo lo anterior.<\/p><p>En todo caso, la Oficina de Farmacia proceder\u00e1 a la retirada inmediata de cualquier enlace cuando los contenidos hacia los que redirige puedan contravenir la legislaci\u00f3n nacional o internacional, la moral o el orden p\u00fablico.<\/p><p><strong>6. Exclusi\u00f3n de garant\u00edas y responsabilidad.<\/strong><\/p><p>La Oficina de Farmacia no garantiza la disponibilidad permanente de los servicios ofrecidos en la Web, si bien llevar\u00e1 a cabo sus mejores esfuerzos para garantizar la regularidad y el buen funcionamiento de las mismas. A tales efectos, la Oficina de Farmacia\u00a0declara que ha adoptado y adoptar\u00e1 todas las medidas necesarias y razonables, dentro de sus posibilidades y del estado de la tecnolog\u00eda, para garantizar un funcionamiento correcto de la Web.<\/p><p>No obstante, la Oficina de Farmacia\u00a0no asume responsabilidad alguna por los perjuicios que se pudieran derivar de desconexiones, interferencias o interrupciones que se pudieran producir en el acceso o en la navegaci\u00f3n por la Web, ni sobre los da\u00f1os y perjuicios que se pudieran derivar para el Usuario o para terceros de la existencia y propagaci\u00f3n de virus inform\u00e1ticos u otros elementos lesivos.<\/p><p>La Oficina de Farmacia\u00a0tampoco asume responsabilidad alguna respecto de los errores u omisiones que pudiera haber en el contenido de la Web, ni sobre las actuaciones que el Usuario pudiera realizar sobre la base de dicho contenido.<\/p><p><strong>7. Modificaci\u00f3n de las Condiciones Generales de Acceso y Uso.<\/strong><\/p><p>La Oficina de Farmacia se reserva el derecho de efectuar, sin previo aviso, las modificaciones que considere oportunas en las presentes Condiciones Generales de Acceso y Uso, siendo responsabilidad del Usuario leer las mismas con atenci\u00f3n, cada vez que desee utilizar la Web con la finalidad de comprobar o cerciorarse de la existencia de modificaciones o cambios a las mismas, tomando como referencia la fecha de la \u00faltima actualizaci\u00f3n.<\/p><p><strong>8. Propiedad intelectual e industrial.<\/strong><\/p><p>El Usuario reconoce y acepta que, todos los derechos de propiedad industrial e intelectual sobre los contenidos y\/o cualesquiera otros elementos insertados por la Oficina de Farmacia en la Web (incluyendo, a t\u00edtulo meramente enunciativo y no limitativo, todos aquellos elementos que conforman la apariencia visual, imagen gr\u00e1fica y otros est\u00edmulos sensoriales que conforman la Web o\u00a0<em>\u201clook and feel\u201d<\/em>, marcas, logotipos, nombres comerciales, textos, im\u00e1genes, gr\u00e1ficos, dise\u00f1os, sonidos, bases de datos, software, diagramas de flujo, presentaci\u00f3n, arquitectura de navegaci\u00f3n, as\u00ed como los c\u00f3digos fuente) pertenecen a la Oficina de Farmacia y\/o a terceros que le han cedido sus derechos. A tales efectos, se entender\u00e1 como Web todas aquellas creaciones incorporadas y expresadas por la Oficina de Farmacia por cualquier medio y\/o soporte tangible o intangible, conocido o por conocer, que sea objeto de protecci\u00f3n por las disposiciones normativas vigentes en materia de propiedad intelectual e industrial.<\/p><p>Queda autorizada la mera visualizaci\u00f3n, impresi\u00f3n, descarga o almacenamiento temporal, ya sea en su totalidad o parcialmente, de los contenidos y\/o de los elementos insertados por la Oficina de Farmacia en la Web exclusivamente para su uso personal, privado y no lucrativo por el Usuario, siempre que, en todo caso, se indique el origen y\/o autor de los mismos y que, en su caso, aparezca el s\u00edmbolo del copyright y\/o notas de propiedad industrial de sus titulares. Cualquier otro uso o explotaci\u00f3n de cualesquiera derechos estar\u00e1 sujeto a la previa y expresa autorizaci\u00f3n espec\u00edficamente otorgada a tal efecto por la Oficina de Farmacia o el tercero titular de los derechos afectados.<\/p><p>Queda terminantemente prohibida la utilizaci\u00f3n de tales elementos, su total o parcial reproducci\u00f3n, comunicaci\u00f3n y\/o distribuci\u00f3n con fines comerciales o lucrativos, as\u00ed como su modificaci\u00f3n, alteraci\u00f3n, descompilaci\u00f3n y\/o cualquier otro acto de explotaci\u00f3n de la Web, cuyos derechos de imagen, la Oficina de Farmacia tiene su derecho de explotaci\u00f3n. Para cualquier otro uso distinto de los expresamente permitidos, ser\u00e1 necesario obtener el consentimiento previo por escrito del titular de los derechos de que se trate.<\/p><p>Las presentes Condiciones Generales de Acceso y Uso de la Web no confieren al Usuario ning\u00fan otro derecho de utilizaci\u00f3n, alteraci\u00f3n, explotaci\u00f3n, reproducci\u00f3n, distribuci\u00f3n o comunicaci\u00f3n p\u00fablica de la misma, y\/o de sus contenidos distintos de los aqu\u00ed expresamente previstos. Cualquier otro uso o explotaci\u00f3n de cualesquiera derechos estar\u00e1 sujeto a la previa y expresa autorizaci\u00f3n espec\u00edficamente otorgada a tal efecto por la Oficina de Farmacia o el tercero titular de los derechos afectados.<\/p><p>Sin perjuicio de todo lo anterior, si el Usuario estima que alg\u00fan contenido de la Web pudiera vulnerar derechos de propiedad intelectual e industrial, rogamos as\u00ed lo pongan en nuestro conocimiento en la mayor brevedad posible, remitiendo un correo electr\u00f3nico a\u00a0<a href=\"mailto:farmacia@frigolacampasol.com\">farmacia@frigolacampasol.com<\/a>.<\/p><p><strong>9. Ley aplicable y jurisdicci\u00f3n competente<\/strong><\/p><p>La normativa vigente determinar\u00e1 las leyes que deban regir y la jurisdicci\u00f3n que deba conocer de las relaciones entre la Oficina de Farmacia y al Usuario de la Web.<\/p><p>Ello, no obstante, en aquellos casos en los que dicha normativa vigente prevea la posibilidad para las partes de someterse a un fuero determinado, la Oficina de Farmacia y el Usuario, con renuncia expresa a cualquier otro fuero que pudiera corresponderles se someten a la legislaci\u00f3n espa\u00f1ola y a los Juzgados y Tribunales de Barcelona.<\/p><p><strong>10. Informaci\u00f3n adicional sobre protecci\u00f3n de datos<\/strong><\/p><p>Los datos de car\u00e1cter personal se conservar\u00e1n durante el tiempo estrictamente necesario hasta que termine la finalidad para la cual fueron recogidos, y siempre que se mantenga la causa que legitim\u00f3 el tratamiento de estos datos personales. Finalizada la causa que legitim\u00f3 el tratamiento, los datos personales ser\u00e1n conservados debidamente bloqueados durante el periodo de tiempo que sea oportuno en atenci\u00f3n a cumplir con los plazos legales de prescripci\u00f3n para evitar eventuales infracciones.<\/p><p>En cualquier momento puede ejercer sus derechos de acceso, rectificaci\u00f3n, supresi\u00f3n, limitaci\u00f3n, portabilidad u oposici\u00f3n del tratamiento de sus datos, incluso llevar a cabo una reclamaci\u00f3n en caso de que considere que la Oficina de Farmacia est\u00e1 tratando de forma inapropiada sus datos personales, enviando una comunicaci\u00f3n por escrito a la atenci\u00f3n de la Oficina de Farmacia a la direcci\u00f3n Cl Josep Maria Prats, 4 o a la direcci\u00f3n de correo electr\u00f3nico\u00a0<a href=\"mailto:farmacia@frigolacampasol.com\">farmacia@frigolacampasol.com<\/a>.<\/p><p>Para m\u00e1s informaci\u00f3n respecto al tratamiento que hacemos de sus datos personales, puede consultar nuestra\u00a0<strong>Pol\u00edtica de Privacidad<\/strong>\u00a0<a href=\"https:\/\/farmaciagirona.cat\/ca\/politica-de-privacidad\/\">https:\/\/www.farmaciagirona.cat\/politica-de-privacidad<\/a>.<\/p>\t\t\t\t\t\t\t\t<\/div>\n\t\t\t\t\t<\/div>\n\t\t\t\t<\/div>\n\t\t\t\t<\/div>","protected":false},"excerpt":{"rendered":"<p>Aviso legal CONDICIONES GENERALES DE ACCESO Y USO DE LA WEB \u00daltima actualizaci\u00f3n:\u00a001\/09\/2021 Previo La p\u00e1gina web\u00a0https:\/\/www.farmaciagirona.cat\u00a0(en adelante, la \u201cWeb\u201d) pertenece a\u00a0Farm\u00e0cia Frigola-Campasol\u00a0(en adelante, la \u201cOficina de Farmacia\u201d), con N.I.F. E17894551 y Colegiado Oficial de Farmac\u00e9uticos de ##PHARMACY_COMMUNITY## con n\u00famero ##PHARMACY_HOLDER_NUMBER# , n\u00famero de farmacia ##PHARMACY_NUMBER##\u00a0y domicilio en Cl Josep Maria Prats, 4. El usuario [&hellip;]<\/p>","protected":false},"author":1,"featured_media":0,"parent":0,"menu_order":0,"comment_status":"closed","ping_status":"closed","template":"","meta":{"footnotes":""},"class_list":["post-16","page","type-page","status-publish","hentry"],"_links":{"self":[{"href":"https:\/\/farmaciagirona.cat\/ca\/wp-json\/wp\/v2\/pages\/16","targetHints":{"allow":["GET"]}}],"collection":[{"href":"https:\/\/farmaciagirona.cat\/ca\/wp-json\/wp\/v2\/pages"}],"about":[{"href":"https:\/\/farmaciagirona.cat\/ca\/wp-json\/wp\/v2\/types\/page"}],"author":[{"embeddable":true,"href":"https:\/\/farmaciagirona.cat\/ca\/wp-json\/wp\/v2\/users\/1"}],"replies":[{"embeddable":true,"href":"https:\/\/farmaciagirona.cat\/ca\/wp-json\/wp\/v2\/comments?post=16"}],"version-history":[{"count":10,"href":"https:\/\/farmaciagirona.cat\/ca\/wp-json\/wp\/v2\/pages\/16\/revisions"}],"predecessor-version":[{"id":212,"href":"https:\/\/farmaciagirona.cat\/ca\/wp-json\/wp\/v2\/pages\/16\/revisions\/212"}],"wp:attachment":[{"href":"https:\/\/farmaciagirona.cat\/ca\/wp-json\/wp\/v2\/media?parent=16"}],"curies":[{"name":"wp","href":"https:\/\/api.w.org\/{rel}","templated":true}]}}