{"id":14,"date":"2026-02-04T13:02:36","date_gmt":"2026-02-04T13:02:36","guid":{"rendered":"https:\/\/farmaciagirona.cat\/?page_id=14"},"modified":"2026-02-05T09:48:30","modified_gmt":"2026-02-05T09:48:30","slug":"politica-de-cookies","status":"publish","type":"page","link":"https:\/\/farmaciagirona.cat\/ca\/politica-de-cookies\/","title":{"rendered":"Pol\u00edtica de cookies"},"content":{"rendered":"<div data-elementor-type=\"wp-page\" data-elementor-id=\"14\" class=\"elementor elementor-14\" data-elementor-post-type=\"page\">\n\t\t\t\t<div class=\"elementor-element elementor-element-0afc9cc e-flex e-con-boxed e-con e-parent\" data-id=\"0afc9cc\" data-element_type=\"container\" data-e-type=\"container\">\n\t\t\t\t\t<div class=\"e-con-inner\">\n\t\t\t\t<div class=\"elementor-element elementor-element-d05af2e elementor-widget elementor-widget-heading\" data-id=\"d05af2e\" data-element_type=\"widget\" data-e-type=\"widget\" data-widget_type=\"heading.default\">\n\t\t\t\t\t<h3 class=\"elementor-heading-title elementor-size-default\">Pol\u00edtica de cookies<\/h3>\t\t\t\t<\/div>\n\t\t\t\t<div class=\"elementor-element elementor-element-43498f3 elementor-widget elementor-widget-text-editor\" data-id=\"43498f3\" data-element_type=\"widget\" data-e-type=\"widget\" data-widget_type=\"text-editor.default\">\n\t\t\t\t\t\t\t\t\t<div class=\"col-sm-12\"><p><strong>Farm\u00e0cia Frigola-Campasol<\/strong>\u00a0(en adelante, la \u201c<strong>Oficina de Farmacia<\/strong>\u201d), mediante esta pol\u00edtica de cookies, demuestra el compromiso adquirido con la legislaci\u00f3n vigente sobre el uso de las cookies, proporcionando informaci\u00f3n para que las personas usuarias puedan comprender qu\u00e9 tipo de cookies se utilizan y bajo qu\u00e9 finalidad, con el objetivo de proporcionar transparencia en cuanto a los datos tratados sobre la navegaci\u00f3n en nuestro sitio web<strong>\u00a0<a href=\"https:\/\/farmaciagirona.cat\/ca\/\">https:\/\/www.farmaciagirona.cat<\/a><\/strong>\u00a0(en adelante, la \u201c<strong>Web<\/strong>\u201d).<\/p><p>Esta pol\u00edtica se revisa peri\u00f3dicamente para asegurar su vigencia, por lo que puede ser modificada. Le recomendamos que visite la p\u00e1gina con regularidad donde le informaremos de cualquier actualizaci\u00f3n al respecto.<\/p><p><strong>1. \u00bfQu\u00e9 son las cookies?<\/strong><\/p><p>Las cookies son peque\u00f1os archivos de datos que se reciben en el terminal desde el sitio web visitado y se usan para registrar ciertas interacciones de la navegaci\u00f3n en un sitio web almacenando datos que podr\u00e1n ser actualizados y recuperados. Estos archivos se almacenan en el ordenador de la persona usuaria y contienen datos an\u00f3nimos que no son perjudiciales para su equipo. Se utilizan para recordar las preferencias de la persona usuaria, como el idioma seleccionado, datos de acceso o personalizaci\u00f3n de la p\u00e1gina.<\/p><p>Las cookies tambi\u00e9n pueden ser utilizadas para registrar informaci\u00f3n an\u00f3nima acerca de c\u00f3mo un visitante utiliza un sitio. Por ejemplo, desde qu\u00e9 p\u00e1gina web ha accedido, si ha utilizado un \u201c<em>banner<\/em>\u201d publicitario para llegar, o bien para recordar las preferencias de la persona usuaria, como el idioma seleccionado.<\/p><p><strong>2. \u00bfPor qu\u00e9 utilizamos cookies?<\/strong><\/p><p>La Oficina de Farmacia utiliza\u00a0cookies\u00a0estrictamente necesarias y esenciales para que usted utilice nuestros Portales Web y le permitan moverse libremente, utilizar \u00e1reas seguras, opciones personalizadas, etc.<\/p><p>Adem\u00e1s, la Oficina de Farmacia utiliza\u00a0cookies\u00a0que recogen datos relativos al an\u00e1lisis de uso de la Web. \u00c9stas se utilizan para ayudar a mejorar el servicio al cliente, midiendo el uso y el rendimiento de la p\u00e1gina, para optimizarla y personalizarla.<\/p><p>En la presente Web se utilizan o pueden utilizarse hiperv\u00ednculos que permitan un v\u00ednculo o enlace con otras p\u00e1ginas o sitios web. La Oficina de Farmacia no controla las\u00a0cookies\u00a0utilizadas por estas webs externas. Para m\u00e1s informaci\u00f3n sobre las\u00a0cookies\u00a0de estas p\u00e1ginas u otros sitios webs ajenos, aconsejamos revisar sus propias pol\u00edticas de\u00a0cookies.<\/p><p><strong>3. \u00bfQu\u00e9 uso le damos a las diferentes tipos de cookies?<\/strong><\/p><p><strong>Cookies t\u00e9cnicas:<\/strong>\u00a0Son aquellas imprescindibles y estrictamente necesarias para el correcto funcionamiento de un sitio web y la utilizaci\u00f3n de las diferentes opciones y servicios que ofrece. Por ejemplo, las que sirven para el mantenimiento de la sesi\u00f3n, la gesti\u00f3n del tiempo de respuesta, rendimiento o validaci\u00f3n de opciones, utilizar elementos de seguridad, compartir contenido con redes sociales, etc.<\/p><p><strong>Cookies anal\u00edticas:\u00a0<\/strong>Son utilizadas para elaborar perfiles de navegaci\u00f3n y poder conocer las preferencias de la persona usuaria con la finalidad de mejorar la oferta de productos y servicios. La Oficina de Farmacia\u00a0utiliza las\u00a0cookies anal\u00edticas de Google Analytics.<\/p><p>De acuerdo con su pol\u00edtica de privacidad, Google puede utilizar estos datos para mejorar sus propios servicios y para ofrecer servicios a otras empresas. Google Analytics no almacena informaci\u00f3n personal. El tipo de informaci\u00f3n almacenada incluye idioma, localizaci\u00f3n (a nivel de ciudad), frecuencia y reincidencia de las visitas, tiempo de visita, navegador y sistema operativo, origen de la visita, etc.<\/p><p><strong>Cookies de publicidad:<\/strong>\u00a0Son aquellas que almacenan informaci\u00f3n del comportamiento de los usuarios.<\/p><p><strong>Cookies de preferencias del usuario o personalizaci\u00f3n:<\/strong>\u00a0Son aquellas que permiten recordar informaci\u00f3n para que el usuario acceda al servicio con determinadas caracter\u00edsticas que pueden diferenciar su experiencia de la de otros usuarios. Por ejemplo, el idioma, el n\u00famero de resultados a mostrar cuando se realiza una b\u00fasqueda, etc.<\/p><p><strong>4. \u00bfQu\u00e9 pasa si acepto la pol\u00edtica de\u00a0<em>cookies<\/em>?<\/strong><\/p><p>Si acepta nuestra Pol\u00edtica de\u00a0<em>Cookies<\/em>, nos permite mejorar la Web para ofrecerle un acceso \u00f3ptimo y darle un servicio m\u00e1s eficaz y personalizado.<\/p><p>Adem\u00e1s, puede configurar su navegador para establecer que s\u00f3lo los sitios web de confianza o las p\u00e1ginas por las que est\u00e1 navegando en este momento puedan gestionar cookies lo que le permite seleccionar sus preferencias.<\/p><p><strong>5. \u00bfC\u00f3mo puedo deshabilitar las\u00a0<em>cookies<\/em>?<\/strong><\/p><p>Para cumplir con la legislaci\u00f3n vigente, tenemos que pedir su permiso para gestionar cookies. Si decide no autorizar el tratamiento indic\u00e1ndonos su no conformidad, s\u00f3lo usar\u00edamos las cookies t\u00e9cnicas, puesto que son imprescindibles para la navegaci\u00f3n por nuestra Web. En este caso, no almacenar\u00edamos ninguna cookie. En el caso de seguir navegando por nuestra Web sin denegar su autorizaci\u00f3n implica que acepta su uso.<\/p><p>Tenga en cuenta que, si rechaza o borra las cookies de navegaci\u00f3n de la Web, no podremos mantener sus preferencias, algunas caracter\u00edsticas de las p\u00e1ginas no estar\u00e1n operativas, no podremos ofrecerle servicios personalizados y cada vez que vaya a navegar por nuestra Web tendremos que solicitarle de nuevo su autorizaci\u00f3n para el uso de cookies.<\/p><p>Si aun as\u00ed decide modificar la configuraci\u00f3n de su acceso a la Web, debe saber que es posible eliminar las cookies o impedir que se registre esta informaci\u00f3n en su equipo en cualquier momento mediante la modificaci\u00f3n de los par\u00e1metros de configuraci\u00f3n de su navegador:<\/p><ul><li><a href=\"https:\/\/support.google.com\/chrome\/answer\/95647?hl=es\" target=\"_blank\" rel=\"noopener\">Configuraci\u00f3n de cookies de Google Chrome.<\/a><\/li><li><a href=\"https:\/\/www.apple.com\/es\/privacy\/use-of-cookies\/\" target=\"_blank\" rel=\"noopener\">Configuraci\u00f3n de cookies de Safari.<\/a><\/li><li><a href=\"https:\/\/support.mozilla.org\/es\/kb\/Borrar%20cookies\" target=\"_blank\" rel=\"noopener\">Configuraci\u00f3n de cookies de Firefox.<\/a><\/li><li><a href=\"https:\/\/windows.microsoft.com\/es-xl\/internet-explorer\/delete-manage-cookies#ie=ie-10\" target=\"_blank\" rel=\"noopener\">Configuraci\u00f3n de cookies de Internet Explorer.<\/a><\/li><\/ul><p>\u00a0<\/p><p>Estos navegadores est\u00e1n sometidos a actualizaciones o modificaciones, por lo que no podemos garantizar que se ajusten completamente a la versi\u00f3n de su navegador. Tambi\u00e9n puede ser que utilice otro navegador no contemplado en estos enlaces como Konqueror, Arora, Flock, etc. Para evitar estos desajustes, puede acceder directamente desde las opciones de su navegador que se encuentra generalmente en el men\u00fa de \u201cOpciones\u201d, en la secci\u00f3n de \u201cPrivacidad\u201d. Para m\u00e1s informaci\u00f3n, consulte la ayuda de su navegador.<\/p><p><strong>Informaci\u00f3n adicional<\/strong><\/p><p>Los datos de car\u00e1cter personal se conservar\u00e1n durante el tiempo estrictamente necesario hasta que termine la finalidad para la cual fueron recogidos, y siempre que se mantenga la causa que legitim\u00f3 el tratamiento de estos datos personales. Finalizada la causa que legitim\u00f3 el tratamiento, los datos personales ser\u00e1n conservados debidamente bloqueados durante el periodo de tiempo que sea oportuno en atenci\u00f3n a cumplir con los plazos legales de prescripci\u00f3n para evitar eventuales infracciones.<\/p><p>En cualquier momento puede ejercer sus derechos de acceso, rectificaci\u00f3n, supresi\u00f3n, limitaci\u00f3n, portabilidad u oposici\u00f3n del tratamiento de sus datos, incluso llevar a cabo una reclamaci\u00f3n en caso de que considere que la Oficina de Farmacia est\u00e1 tratando de forma inapropiada sus datos personales, enviando una comunicaci\u00f3n por escrito a la atenci\u00f3n de la Oficina de Farmacia a la direcci\u00f3n Cl Josep Maria Prats, 4 o a la direcci\u00f3n de correo electr\u00f3nico\u00a0<strong><a href=\"mailto:farmacia@frigolacampasol.com\">farmacia@frigolacampasol.com<\/a>.<\/strong><\/p><p>Para m\u00e1s informaci\u00f3n respecto al tratamiento que hacemos de sus datos personales, puede consultar nuestra\u00a0<strong>Pol\u00edtica de Privacidad<\/strong>\u00a0<strong><a href=\"https:\/\/farmaciagirona.cat\/ca\/politica-de-privacidad\/\">https:\/\/farmaciagirona.cat\/politica-de-privacidad\/<\/a>.<\/strong><\/p><\/div><p><strong>6. Listado de Cookies<\/strong><\/p>\t\t\t\t\t\t\t\t<\/div>\n\t\t\t\t<div class=\"elementor-element elementor-element-cd02a0a elementor-widget elementor-widget-html\" data-id=\"cd02a0a\" data-element_type=\"widget\" data-e-type=\"widget\" data-widget_type=\"html.default\">\n\t\t\t\t\t<div class= \"cky-audit-table-element\"><\/div>\t\t\t\t<\/div>\n\t\t\t\t\t<\/div>\n\t\t\t\t<\/div>\n\t\t\t\t<\/div>","protected":false},"excerpt":{"rendered":"<p>Pol\u00edtica de cookies Farm\u00e0cia Frigola-Campasol\u00a0(en adelante, la \u201cOficina de Farmacia\u201d), mediante esta pol\u00edtica de cookies, demuestra el compromiso adquirido con la legislaci\u00f3n vigente sobre el uso de las cookies, proporcionando informaci\u00f3n para que las personas usuarias puedan comprender qu\u00e9 tipo de cookies se utilizan y bajo qu\u00e9 finalidad, con el objetivo de proporcionar transparencia en [&hellip;]<\/p>","protected":false},"author":1,"featured_media":0,"parent":0,"menu_order":0,"comment_status":"closed","ping_status":"closed","template":"","meta":{"footnotes":""},"class_list":["post-14","page","type-page","status-publish","hentry"],"_links":{"self":[{"href":"https:\/\/farmaciagirona.cat\/ca\/wp-json\/wp\/v2\/pages\/14","targetHints":{"allow":["GET"]}}],"collection":[{"href":"https:\/\/farmaciagirona.cat\/ca\/wp-json\/wp\/v2\/pages"}],"about":[{"href":"https:\/\/farmaciagirona.cat\/ca\/wp-json\/wp\/v2\/types\/page"}],"author":[{"embeddable":true,"href":"https:\/\/farmaciagirona.cat\/ca\/wp-json\/wp\/v2\/users\/1"}],"replies":[{"embeddable":true,"href":"https:\/\/farmaciagirona.cat\/ca\/wp-json\/wp\/v2\/comments?post=14"}],"version-history":[{"count":10,"href":"https:\/\/farmaciagirona.cat\/ca\/wp-json\/wp\/v2\/pages\/14\/revisions"}],"predecessor-version":[{"id":206,"href":"https:\/\/farmaciagirona.cat\/ca\/wp-json\/wp\/v2\/pages\/14\/revisions\/206"}],"wp:attachment":[{"href":"https:\/\/farmaciagirona.cat\/ca\/wp-json\/wp\/v2\/media?parent=14"}],"curies":[{"name":"wp","href":"https:\/\/api.w.org\/{rel}","templated":true}]}}